{"id":159,"date":"2024-05-01T08:59:55","date_gmt":"2024-05-01T06:59:55","guid":{"rendered":"https:\/\/jd-itservices.fr\/?page_id=159"},"modified":"2024-09-01T19:55:43","modified_gmt":"2024-09-01T17:55:43","slug":"infogerance","status":"publish","type":"page","link":"https:\/\/jd-itservices.fr\/?page_id=159","title":{"rendered":"Infog\u00e9rance"},"content":{"rendered":"\t\t<div data-elementor-type=\"wp-page\" data-elementor-id=\"159\" class=\"elementor elementor-159\">\n\t\t\t\t\t\t<section class=\"elementor-section elementor-top-section elementor-element elementor-element-f335955 elementor-section-boxed elementor-section-height-default elementor-section-height-default\" data-id=\"f335955\" data-element_type=\"section\" data-e-type=\"section\">\n\t\t\t\t\t\t<div class=\"elementor-container elementor-column-gap-default\">\n\t\t\t\t\t<div class=\"elementor-column elementor-col-100 elementor-top-column elementor-element elementor-element-b36de6b\" data-id=\"b36de6b\" data-element_type=\"column\" data-e-type=\"column\">\n\t\t\t<div class=\"elementor-widget-wrap elementor-element-populated\">\n\t\t\t\t\t\t<div class=\"elementor-element elementor-element-f2da0c4 elementor-widget elementor-widget-heading\" data-id=\"f2da0c4\" data-element_type=\"widget\" data-e-type=\"widget\" data-widget_type=\"heading.default\">\n\t\t\t\t<div class=\"elementor-widget-container\">\n\t\t\t\t\t<h1 class=\"elementor-heading-title elementor-size-default\">L'infog\u00e9rance<\/h1>\t\t\t\t<\/div>\n\t\t\t\t<\/div>\n\t\t\t\t\t<\/div>\n\t\t<\/div>\n\t\t\t\t\t<\/div>\n\t\t<\/section>\n\t\t\t\t<section class=\"elementor-section elementor-top-section elementor-element elementor-element-ba88ad6 elementor-section-boxed elementor-section-height-default elementor-section-height-default\" data-id=\"ba88ad6\" data-element_type=\"section\" data-e-type=\"section\">\n\t\t\t\t\t\t<div class=\"elementor-container elementor-column-gap-default\">\n\t\t\t\t\t<div class=\"elementor-column elementor-col-100 elementor-top-column elementor-element elementor-element-842e8b3\" data-id=\"842e8b3\" data-element_type=\"column\" data-e-type=\"column\">\n\t\t\t<div class=\"elementor-widget-wrap elementor-element-populated\">\n\t\t\t\t\t\t<div class=\"elementor-element elementor-element-820d484 animated-slow elementor-invisible elementor-widget elementor-widget-heading\" data-id=\"820d484\" data-element_type=\"widget\" data-e-type=\"widget\" data-settings=\"{&quot;_animation&quot;:&quot;swing&quot;}\" data-widget_type=\"heading.default\">\n\t\t\t\t<div class=\"elementor-widget-container\">\n\t\t\t\t\t<h2 class=\"elementor-heading-title elementor-size-default\">Comment fonctionnons-nous ?<\/h2>\t\t\t\t<\/div>\n\t\t\t\t<\/div>\n\t\t\t\t\t<\/div>\n\t\t<\/div>\n\t\t\t\t\t<\/div>\n\t\t<\/section>\n\t\t\t\t<section class=\"elementor-section elementor-top-section elementor-element elementor-element-82abc49 elementor-section-boxed elementor-section-height-default elementor-section-height-default\" data-id=\"82abc49\" data-element_type=\"section\" data-e-type=\"section\">\n\t\t\t\t\t\t<div class=\"elementor-container elementor-column-gap-default\">\n\t\t\t\t\t<div class=\"elementor-column elementor-col-100 elementor-top-column elementor-element elementor-element-9ab53d8\" data-id=\"9ab53d8\" data-element_type=\"column\" data-e-type=\"column\">\n\t\t\t<div class=\"elementor-widget-wrap elementor-element-populated\">\n\t\t\t\t\t\t<div class=\"elementor-element elementor-element-24bf0c2 elementor-widget elementor-widget-heading\" data-id=\"24bf0c2\" data-element_type=\"widget\" data-e-type=\"widget\" data-widget_type=\"heading.default\">\n\t\t\t\t<div class=\"elementor-widget-container\">\n\t\t\t\t\t<p class=\"elementor-heading-title elementor-size-default\">Apr\u00e8s avoir r\u00e9alis\u00e9 chez vous un audit de votre parc informatique, de votre syst\u00e8me informatique et de vos besoins, nous vous proposons un contrat d\u2019assistance (infog\u00e9rance)<\/p>\t\t\t\t<\/div>\n\t\t\t\t<\/div>\n\t\t\t\t\t<\/div>\n\t\t<\/div>\n\t\t\t\t\t<\/div>\n\t\t<\/section>\n\t\t\t\t<section class=\"elementor-section elementor-top-section elementor-element elementor-element-c8a33e5 elementor-section-boxed elementor-section-height-default elementor-section-height-default\" data-id=\"c8a33e5\" data-element_type=\"section\" data-e-type=\"section\">\n\t\t\t\t\t\t<div class=\"elementor-container elementor-column-gap-default\">\n\t\t\t\t\t<div class=\"elementor-column elementor-col-50 elementor-top-column elementor-element elementor-element-97589ec\" data-id=\"97589ec\" data-element_type=\"column\" data-e-type=\"column\">\n\t\t\t<div class=\"elementor-widget-wrap elementor-element-populated\">\n\t\t\t\t\t\t<div class=\"elementor-element elementor-element-0a8ec1a elementor-widget elementor-widget-image\" data-id=\"0a8ec1a\" data-element_type=\"widget\" data-e-type=\"widget\" data-widget_type=\"image.default\">\n\t\t\t\t<div class=\"elementor-widget-container\">\n\t\t\t\t\t\t\t\t\t\t\t\t\t\t\t<img fetchpriority=\"high\" decoding=\"async\" width=\"1024\" height=\"683\" src=\"https:\/\/jd-itservices.fr\/wp-content\/uploads\/2023\/10\/2017-08-22-09-44-04-1024x683.jpg\" class=\"attachment-large size-large wp-image-78\" alt=\"\" srcset=\"https:\/\/jd-itservices.fr\/wp-content\/uploads\/2023\/10\/2017-08-22-09-44-04-1024x683.jpg 1024w, https:\/\/jd-itservices.fr\/wp-content\/uploads\/2023\/10\/2017-08-22-09-44-04-300x200.jpg 300w, https:\/\/jd-itservices.fr\/wp-content\/uploads\/2023\/10\/2017-08-22-09-44-04-768x512.jpg 768w, https:\/\/jd-itservices.fr\/wp-content\/uploads\/2023\/10\/2017-08-22-09-44-04-1536x1024.jpg 1536w, https:\/\/jd-itservices.fr\/wp-content\/uploads\/2023\/10\/2017-08-22-09-44-04-2048x1365.jpg 2048w, https:\/\/jd-itservices.fr\/wp-content\/uploads\/2023\/10\/2017-08-22-09-44-04-450x300.jpg 450w\" sizes=\"(max-width: 1024px) 100vw, 1024px\" \/>\t\t\t\t\t\t\t\t\t\t\t\t\t\t\t<\/div>\n\t\t\t\t<\/div>\n\t\t\t\t\t<\/div>\n\t\t<\/div>\n\t\t\t\t<div class=\"elementor-column elementor-col-50 elementor-top-column elementor-element elementor-element-4042a0f\" data-id=\"4042a0f\" data-element_type=\"column\" data-e-type=\"column\">\n\t\t\t<div class=\"elementor-widget-wrap elementor-element-populated\">\n\t\t\t\t\t\t<div class=\"elementor-element elementor-element-8011a35 elementor-widget elementor-widget-heading\" data-id=\"8011a35\" data-element_type=\"widget\" data-e-type=\"widget\" data-widget_type=\"heading.default\">\n\t\t\t\t<div class=\"elementor-widget-container\">\n\t\t\t\t\t<h3 class=\"elementor-heading-title elementor-size-default\">Le contrat d\u2019infog\u00e9rance JD-IT forfaitis\u00e9 c\u2019est :<\/h3>\t\t\t\t<\/div>\n\t\t\t\t<\/div>\n\t\t\t\t<div class=\"elementor-element elementor-element-d254914 elementor-widget elementor-widget-text-editor\" data-id=\"d254914\" data-element_type=\"widget\" data-e-type=\"widget\" data-widget_type=\"text-editor.default\">\n\t\t\t\t<div class=\"elementor-widget-container\">\n\t\t\t\t\t\t\t\t\t<ul class=\"font_6 wixui-rich-text__text\"><li class=\"wixui-rich-text__text\"><p class=\"font_6 wixui-rich-text__text\"><span class=\"wixui-rich-text__text\">L\u2019assistance (c\u0153ur de r\u00e9seau, utilisateurs) sur site et \u00e0 distance<\/span><\/p><\/li><li class=\"wixui-rich-text__text\"><p class=\"font_6 wixui-rich-text__text\"><span class=\"wixui-rich-text__text\">La gestion de vos postes de travail (PC\/mac)<\/span><\/p><\/li><li class=\"wixui-rich-text__text\"><p class=\"font_6 wixui-rich-text__text\"><span class=\"wixui-rich-text__text\">L\u2019administration de vos serveurs<\/span><\/p><\/li><li class=\"wixui-rich-text__text\"><p class=\"font_6 wixui-rich-text__text\"><span class=\"wixui-rich-text__text\">Le param\u00e9trage \/ gestion de votre messagerie Microsoft 365<\/span><\/p><\/li><li class=\"wixui-rich-text__text\"><p class=\"font_6 wixui-rich-text__text\"><span class=\"wixui-rich-text__text\">La gestion de vos sauvegardes locales et externalis\u00e9es<\/span><\/p><\/li><li class=\"wixui-rich-text__text\"><p class=\"font_6 wixui-rich-text__text\"><span class=\"wixui-rich-text__text\">Le support et la gestion des incidents<\/span><\/p><\/li><\/ul>\t\t\t\t\t\t\t\t<\/div>\n\t\t\t\t<\/div>\n\t\t\t\t\t<\/div>\n\t\t<\/div>\n\t\t\t\t\t<\/div>\n\t\t<\/section>\n\t\t\t\t<section class=\"elementor-section elementor-top-section elementor-element elementor-element-78e7d8a elementor-section-boxed elementor-section-height-default elementor-section-height-default\" data-id=\"78e7d8a\" data-element_type=\"section\" data-e-type=\"section\">\n\t\t\t\t\t\t<div class=\"elementor-container elementor-column-gap-default\">\n\t\t\t\t\t<div class=\"elementor-column elementor-col-50 elementor-top-column elementor-element elementor-element-f551457\" data-id=\"f551457\" data-element_type=\"column\" data-e-type=\"column\">\n\t\t\t<div class=\"elementor-widget-wrap elementor-element-populated\">\n\t\t\t\t\t\t<div class=\"elementor-element elementor-element-f53e1f9 elementor-widget elementor-widget-heading\" data-id=\"f53e1f9\" data-element_type=\"widget\" data-e-type=\"widget\" data-widget_type=\"heading.default\">\n\t\t\t\t<div class=\"elementor-widget-container\">\n\t\t\t\t\t<h2 class=\"elementor-heading-title elementor-size-default\">Nos engagements :<\/h2>\t\t\t\t<\/div>\n\t\t\t\t<\/div>\n\t\t\t\t<div class=\"elementor-element elementor-element-cb608ad elementor-widget elementor-widget-text-editor\" data-id=\"cb608ad\" data-element_type=\"widget\" data-e-type=\"widget\" data-widget_type=\"text-editor.default\">\n\t\t\t\t<div class=\"elementor-widget-container\">\n\t\t\t\t\t\t\t\t\t<div id=\"bgLayers_comp-ljwlqpz4\" class=\"MW5IWV\" data-hook=\"bgLayers\" data-motion-part=\"BG_LAYER\"><div id=\"bgMedia_comp-ljwlqpz4\" class=\"VgO9Yg\" data-motion-part=\"BG_MEDIA\">\u00a0<\/div><\/div><div class=\"\" data-mesh-id=\"comp-ljwlqpz4inlineContent\" data-testid=\"inline-content\"><div data-mesh-id=\"comp-ljwlqpz4inlineContent-gridContainer\" data-testid=\"mesh-container-content\"><div id=\"comp-ljwlqpzb\" class=\"HcOXKn c9GqVL QxJLC3 comp-ljwlqpzb wixui-rich-text\" data-testid=\"richTextElement\"><ul class=\"font_6 wixui-rich-text__text\"><li class=\"wixui-rich-text__text\"><p class=\"font_6 wixui-rich-text__text\"><span class=\"wixui-rich-text__text\">En cas d\u2019incident, intervention sur site en moins de 4 heures ouvr\u00e9es et \u00e0 distance sous 2 heures ouvr\u00e9es.<\/span><\/p><\/li><li class=\"wixui-rich-text__text\"><p class=\"font_6 wixui-rich-text__text\"><span class=\"wixui-rich-text__text\">Mise \u00e0 disposition d\u2019une hot line localis\u00e9e en France et d\u2019outils pour faciliter les op\u00e9rations de t\u00e9l\u00e9maintenance.<\/span><\/p><\/li><li class=\"wixui-rich-text__text\"><p class=\"font_6 wixui-rich-text__text\"><span class=\"wixui-rich-text__text\">Bin\u00f4me technique d\u00e9di\u00e9 (ing\u00e9nieur et technicien) connaissant votre entreprise sur le bout des touches.<\/span><\/p><\/li><li class=\"wixui-rich-text__text\"><p class=\"font_6 wixui-rich-text__text\"><span class=\"wixui-rich-text__text\">Un audit informatique, point de d\u00e9part du dossier technique, pour disposer d\u2019un \u201ccarnet de sant\u00e9\u201d informatique et identifier les axes d\u2019am\u00e9lioration \u00e9ventuels.<\/span><\/p><\/li><li class=\"wixui-rich-text__text\"><p class=\"font_6 wixui-rich-text__text\"><span class=\"wixui-rich-text__text\">Des forfaits intervention et d\u00e9ploiement pour ma\u00eetriser votre budget IT et \u00e9viter les mauvaises surprises.<\/span><\/p><\/li><\/ul><\/div><\/div><\/div>\t\t\t\t\t\t\t\t<\/div>\n\t\t\t\t<\/div>\n\t\t\t\t\t<\/div>\n\t\t<\/div>\n\t\t\t\t<div class=\"elementor-column elementor-col-50 elementor-top-column elementor-element elementor-element-8d8d667\" data-id=\"8d8d667\" data-element_type=\"column\" data-e-type=\"column\">\n\t\t\t<div class=\"elementor-widget-wrap elementor-element-populated\">\n\t\t\t\t\t\t<div class=\"elementor-element elementor-element-01437fa elementor-widget elementor-widget-image\" data-id=\"01437fa\" data-element_type=\"widget\" data-e-type=\"widget\" data-widget_type=\"image.default\">\n\t\t\t\t<div class=\"elementor-widget-container\">\n\t\t\t\t\t\t\t\t\t\t\t\t\t\t\t<img decoding=\"async\" width=\"475\" height=\"434\" src=\"https:\/\/jd-itservices.fr\/wp-content\/uploads\/2023\/10\/Cables-USB.webp\" class=\"attachment-large size-large wp-image-120\" alt=\"C\u00e2bles USB\" srcset=\"https:\/\/jd-itservices.fr\/wp-content\/uploads\/2023\/10\/Cables-USB.webp 475w, https:\/\/jd-itservices.fr\/wp-content\/uploads\/2023\/10\/Cables-USB-300x274.webp 300w, https:\/\/jd-itservices.fr\/wp-content\/uploads\/2023\/10\/Cables-USB-328x300.webp 328w\" sizes=\"(max-width: 475px) 100vw, 475px\" \/>\t\t\t\t\t\t\t\t\t\t\t\t\t\t\t<\/div>\n\t\t\t\t<\/div>\n\t\t\t\t\t<\/div>\n\t\t<\/div>\n\t\t\t\t\t<\/div>\n\t\t<\/section>\n\t\t\t\t<section class=\"elementor-section elementor-top-section elementor-element elementor-element-6bf76e0 elementor-section-boxed elementor-section-height-default elementor-section-height-default\" data-id=\"6bf76e0\" data-element_type=\"section\" data-e-type=\"section\">\n\t\t\t\t\t\t<div class=\"elementor-container elementor-column-gap-default\">\n\t\t\t\t\t<div class=\"elementor-column elementor-col-100 elementor-top-column elementor-element elementor-element-86178cf\" data-id=\"86178cf\" data-element_type=\"column\" data-e-type=\"column\">\n\t\t\t<div class=\"elementor-widget-wrap elementor-element-populated\">\n\t\t\t\t\t\t<div class=\"elementor-element elementor-element-aa23df4 elementor-align-center elementor-widget elementor-widget-button\" data-id=\"aa23df4\" data-element_type=\"widget\" data-e-type=\"widget\" data-widget_type=\"button.default\">\n\t\t\t\t<div class=\"elementor-widget-container\">\n\t\t\t\t\t\t\t\t\t<div class=\"elementor-button-wrapper\">\n\t\t\t\t\t<a class=\"elementor-button elementor-button-link elementor-size-sm elementor-animation-pulse-shrink\" href=\"https:\/\/jd-itservices.fr\/?page_id=32\">\n\t\t\t\t\t\t<span class=\"elementor-button-content-wrapper\">\n\t\t\t\t\t\t\t\t\t<span class=\"elementor-button-text\">Contact<\/span>\n\t\t\t\t\t<\/span>\n\t\t\t\t\t<\/a>\n\t\t\t\t<\/div>\n\t\t\t\t\t\t\t\t<\/div>\n\t\t\t\t<\/div>\n\t\t\t\t\t<\/div>\n\t\t<\/div>\n\t\t\t\t\t<\/div>\n\t\t<\/section>\n\t\t\t\t<\/div>\n\t\t","protected":false},"excerpt":{"rendered":"<p>L&rsquo;infog\u00e9rance Comment fonctionnons-nous ? Apr\u00e8s avoir r\u00e9alis\u00e9 chez vous un audit de votre parc informatique, de votre syst\u00e8me informatique et [&hellip;]<\/p>\n","protected":false},"author":2,"featured_media":0,"parent":0,"menu_order":0,"comment_status":"closed","ping_status":"closed","template":"","meta":{"site-sidebar-layout":"default","site-content-layout":"","ast-site-content-layout":"","site-content-style":"default","site-sidebar-style":"default","ast-global-header-display":"","ast-banner-title-visibility":"","ast-main-header-display":"","ast-hfb-above-header-display":"","ast-hfb-below-header-display":"","ast-hfb-mobile-header-display":"","site-post-title":"disabled","ast-breadcrumbs-content":"","ast-featured-img":"","footer-sml-layout":"","theme-transparent-header-meta":"","adv-header-id-meta":"","stick-header-meta":"","header-above-stick-meta":"","header-main-stick-meta":"","header-below-stick-meta":"","astra-migrate-meta-layouts":"default","ast-page-background-enabled":"default","ast-page-background-meta":{"desktop":{"background-color":"var(--ast-global-color-4)","background-image":"","background-repeat":"repeat","background-position":"center center","background-size":"auto","background-attachment":"scroll","background-type":"","background-media":"","overlay-type":"","overlay-color":"","overlay-gradient":""},"tablet":{"background-color":"","background-image":"","background-repeat":"repeat","background-position":"center center","background-size":"auto","background-attachment":"scroll","background-type":"","background-media":"","overlay-type":"","overlay-color":"","overlay-gradient":""},"mobile":{"background-color":"","background-image":"","background-repeat":"repeat","background-position":"center center","background-size":"auto","background-attachment":"scroll","background-type":"","background-media":"","overlay-type":"","overlay-color":"","overlay-gradient":""}},"ast-content-background-meta":{"desktop":{"background-color":"var(--ast-global-color-5)","background-image":"","background-repeat":"repeat","background-position":"center center","background-size":"auto","background-attachment":"scroll","background-type":"","background-media":"","overlay-type":"","overlay-color":"","overlay-gradient":""},"tablet":{"background-color":"var(--ast-global-color-5)","background-image":"","background-repeat":"repeat","background-position":"center center","background-size":"auto","background-attachment":"scroll","background-type":"","background-media":"","overlay-type":"","overlay-color":"","overlay-gradient":""},"mobile":{"background-color":"var(--ast-global-color-5)","background-image":"","background-repeat":"repeat","background-position":"center center","background-size":"auto","background-attachment":"scroll","background-type":"","background-media":"","overlay-type":"","overlay-color":"","overlay-gradient":""}},"footnotes":""},"class_list":["post-159","page","type-page","status-publish","hentry"],"yoast_head":"<!-- This site is optimized with the Yoast SEO plugin v27.3 - https:\/\/yoast.com\/product\/yoast-seo-wordpress\/ -->\n<title>Infog\u00e9rance -<\/title>\n<meta name=\"robots\" content=\"index, follow, max-snippet:-1, max-image-preview:large, max-video-preview:-1\" \/>\n<link rel=\"canonical\" href=\"https:\/\/jd-itservices.fr\/?page_id=159\" \/>\n<meta property=\"og:locale\" content=\"fr_FR\" \/>\n<meta property=\"og:type\" content=\"article\" \/>\n<meta property=\"og:title\" content=\"Infog\u00e9rance -\" \/>\n<meta property=\"og:description\" content=\"L&rsquo;infog\u00e9rance Comment fonctionnons-nous ? Apr\u00e8s avoir r\u00e9alis\u00e9 chez vous un audit de votre parc informatique, de votre syst\u00e8me informatique et [&hellip;]\" \/>\n<meta property=\"og:url\" content=\"https:\/\/jd-itservices.fr\/?page_id=159\" \/>\n<meta property=\"article:modified_time\" content=\"2024-09-01T17:55:43+00:00\" \/>\n<meta property=\"og:image\" content=\"https:\/\/jd-itservices.fr\/wp-content\/uploads\/2023\/10\/2017-08-22-09-44-04-1024x683.jpg\" \/>\n<meta name=\"twitter:card\" content=\"summary_large_image\" \/>\n<meta name=\"twitter:label1\" content=\"Dur\u00e9e de lecture estim\u00e9e\" \/>\n\t<meta name=\"twitter:data1\" content=\"2 minutes\" \/>\n<script type=\"application\/ld+json\" class=\"yoast-schema-graph\">{\"@context\":\"https:\\\/\\\/schema.org\",\"@graph\":[{\"@type\":\"WebPage\",\"@id\":\"https:\\\/\\\/jd-itservices.fr\\\/?page_id=159\",\"url\":\"https:\\\/\\\/jd-itservices.fr\\\/?page_id=159\",\"name\":\"Infog\u00e9rance -\",\"isPartOf\":{\"@id\":\"https:\\\/\\\/jd-itservices.fr\\\/#website\"},\"primaryImageOfPage\":{\"@id\":\"https:\\\/\\\/jd-itservices.fr\\\/?page_id=159#primaryimage\"},\"image\":{\"@id\":\"https:\\\/\\\/jd-itservices.fr\\\/?page_id=159#primaryimage\"},\"thumbnailUrl\":\"https:\\\/\\\/jd-itservices.fr\\\/wp-content\\\/uploads\\\/2023\\\/10\\\/2017-08-22-09-44-04-1024x683.jpg\",\"datePublished\":\"2024-05-01T06:59:55+00:00\",\"dateModified\":\"2024-09-01T17:55:43+00:00\",\"breadcrumb\":{\"@id\":\"https:\\\/\\\/jd-itservices.fr\\\/?page_id=159#breadcrumb\"},\"inLanguage\":\"fr-FR\",\"potentialAction\":[{\"@type\":\"ReadAction\",\"target\":[\"https:\\\/\\\/jd-itservices.fr\\\/?page_id=159\"]}]},{\"@type\":\"ImageObject\",\"inLanguage\":\"fr-FR\",\"@id\":\"https:\\\/\\\/jd-itservices.fr\\\/?page_id=159#primaryimage\",\"url\":\"https:\\\/\\\/jd-itservices.fr\\\/wp-content\\\/uploads\\\/2023\\\/10\\\/2017-08-22-09-44-04-scaled.jpg\",\"contentUrl\":\"https:\\\/\\\/jd-itservices.fr\\\/wp-content\\\/uploads\\\/2023\\\/10\\\/2017-08-22-09-44-04-scaled.jpg\",\"width\":2560,\"height\":1706},{\"@type\":\"BreadcrumbList\",\"@id\":\"https:\\\/\\\/jd-itservices.fr\\\/?page_id=159#breadcrumb\",\"itemListElement\":[{\"@type\":\"ListItem\",\"position\":1,\"name\":\"Accueil\",\"item\":\"https:\\\/\\\/jd-itservices.fr\\\/\"},{\"@type\":\"ListItem\",\"position\":2,\"name\":\"Infog\u00e9rance\"}]},{\"@type\":\"WebSite\",\"@id\":\"https:\\\/\\\/jd-itservices.fr\\\/#website\",\"url\":\"https:\\\/\\\/jd-itservices.fr\\\/\",\"name\":\"\",\"description\":\"Solutions Informatique \",\"potentialAction\":[{\"@type\":\"SearchAction\",\"target\":{\"@type\":\"EntryPoint\",\"urlTemplate\":\"https:\\\/\\\/jd-itservices.fr\\\/?s={search_term_string}\"},\"query-input\":{\"@type\":\"PropertyValueSpecification\",\"valueRequired\":true,\"valueName\":\"search_term_string\"}}],\"inLanguage\":\"fr-FR\"}]}<\/script>\n<!-- \/ Yoast SEO plugin. -->","yoast_head_json":{"title":"Infog\u00e9rance -","robots":{"index":"index","follow":"follow","max-snippet":"max-snippet:-1","max-image-preview":"max-image-preview:large","max-video-preview":"max-video-preview:-1"},"canonical":"https:\/\/jd-itservices.fr\/?page_id=159","og_locale":"fr_FR","og_type":"article","og_title":"Infog\u00e9rance -","og_description":"L&rsquo;infog\u00e9rance Comment fonctionnons-nous ? Apr\u00e8s avoir r\u00e9alis\u00e9 chez vous un audit de votre parc informatique, de votre syst\u00e8me informatique et [&hellip;]","og_url":"https:\/\/jd-itservices.fr\/?page_id=159","article_modified_time":"2024-09-01T17:55:43+00:00","og_image":[{"url":"https:\/\/jd-itservices.fr\/wp-content\/uploads\/2023\/10\/2017-08-22-09-44-04-1024x683.jpg","type":"","width":"","height":""}],"twitter_card":"summary_large_image","twitter_misc":{"Dur\u00e9e de lecture estim\u00e9e":"2 minutes"},"schema":{"@context":"https:\/\/schema.org","@graph":[{"@type":"WebPage","@id":"https:\/\/jd-itservices.fr\/?page_id=159","url":"https:\/\/jd-itservices.fr\/?page_id=159","name":"Infog\u00e9rance -","isPartOf":{"@id":"https:\/\/jd-itservices.fr\/#website"},"primaryImageOfPage":{"@id":"https:\/\/jd-itservices.fr\/?page_id=159#primaryimage"},"image":{"@id":"https:\/\/jd-itservices.fr\/?page_id=159#primaryimage"},"thumbnailUrl":"https:\/\/jd-itservices.fr\/wp-content\/uploads\/2023\/10\/2017-08-22-09-44-04-1024x683.jpg","datePublished":"2024-05-01T06:59:55+00:00","dateModified":"2024-09-01T17:55:43+00:00","breadcrumb":{"@id":"https:\/\/jd-itservices.fr\/?page_id=159#breadcrumb"},"inLanguage":"fr-FR","potentialAction":[{"@type":"ReadAction","target":["https:\/\/jd-itservices.fr\/?page_id=159"]}]},{"@type":"ImageObject","inLanguage":"fr-FR","@id":"https:\/\/jd-itservices.fr\/?page_id=159#primaryimage","url":"https:\/\/jd-itservices.fr\/wp-content\/uploads\/2023\/10\/2017-08-22-09-44-04-scaled.jpg","contentUrl":"https:\/\/jd-itservices.fr\/wp-content\/uploads\/2023\/10\/2017-08-22-09-44-04-scaled.jpg","width":2560,"height":1706},{"@type":"BreadcrumbList","@id":"https:\/\/jd-itservices.fr\/?page_id=159#breadcrumb","itemListElement":[{"@type":"ListItem","position":1,"name":"Accueil","item":"https:\/\/jd-itservices.fr\/"},{"@type":"ListItem","position":2,"name":"Infog\u00e9rance"}]},{"@type":"WebSite","@id":"https:\/\/jd-itservices.fr\/#website","url":"https:\/\/jd-itservices.fr\/","name":"","description":"Solutions Informatique ","potentialAction":[{"@type":"SearchAction","target":{"@type":"EntryPoint","urlTemplate":"https:\/\/jd-itservices.fr\/?s={search_term_string}"},"query-input":{"@type":"PropertyValueSpecification","valueRequired":true,"valueName":"search_term_string"}}],"inLanguage":"fr-FR"}]}},"_links":{"self":[{"href":"https:\/\/jd-itservices.fr\/index.php?rest_route=\/wp\/v2\/pages\/159","targetHints":{"allow":["GET"]}}],"collection":[{"href":"https:\/\/jd-itservices.fr\/index.php?rest_route=\/wp\/v2\/pages"}],"about":[{"href":"https:\/\/jd-itservices.fr\/index.php?rest_route=\/wp\/v2\/types\/page"}],"author":[{"embeddable":true,"href":"https:\/\/jd-itservices.fr\/index.php?rest_route=\/wp\/v2\/users\/2"}],"replies":[{"embeddable":true,"href":"https:\/\/jd-itservices.fr\/index.php?rest_route=%2Fwp%2Fv2%2Fcomments&post=159"}],"version-history":[{"count":50,"href":"https:\/\/jd-itservices.fr\/index.php?rest_route=\/wp\/v2\/pages\/159\/revisions"}],"predecessor-version":[{"id":711,"href":"https:\/\/jd-itservices.fr\/index.php?rest_route=\/wp\/v2\/pages\/159\/revisions\/711"}],"wp:attachment":[{"href":"https:\/\/jd-itservices.fr\/index.php?rest_route=%2Fwp%2Fv2%2Fmedia&parent=159"}],"curies":[{"name":"wp","href":"https:\/\/api.w.org\/{rel}","templated":true}]}}